{"id":22,"date":"2020-05-19T19:18:43","date_gmt":"2020-05-19T17:18:43","guid":{"rendered":"http:\/\/gisele-energie.fr\/?page_id=22"},"modified":"2021-10-12T15:32:01","modified_gmt":"2021-10-12T13:32:01","slug":"offres","status":"publish","type":"page","link":"https:\/\/gisele-energie.fr\/index.php\/offres\/","title":{"rendered":"Offres"},"content":{"rendered":"\t\t<div data-elementor-type=\"wp-page\" data-elementor-id=\"22\" class=\"elementor elementor-22\" data-elementor-settings=\"[]\">\n\t\t\t\t\t\t<div class=\"elementor-inner\">\n\t\t\t\t\t\t\t<div class=\"elementor-section-wrap\">\n\t\t\t\t\t\t\t<section class=\"elementor-section elementor-top-section elementor-element elementor-element-78fcfc95 elementor-section-boxed elementor-section-height-default elementor-section-height-default\" data-id=\"78fcfc95\" data-element_type=\"section\">\n\t\t\t\t\t\t<div class=\"elementor-container elementor-column-gap-default\">\n\t\t\t\t\t\t\t<div class=\"elementor-row\">\n\t\t\t\t\t<div class=\"elementor-column elementor-col-100 elementor-top-column elementor-element elementor-element-a036585\" data-id=\"a036585\" data-element_type=\"column\">\n\t\t\t<div class=\"elementor-column-wrap elementor-element-populated\">\n\t\t\t\t\t\t\t<div class=\"elementor-widget-wrap\">\n\t\t\t\t\t\t<div class=\"elementor-element elementor-element-370bd98b elementor-widget elementor-widget-text-editor\" data-id=\"370bd98b\" data-element_type=\"widget\" data-widget_type=\"text-editor.default\">\n\t\t\t\t<div class=\"elementor-widget-container\">\n\t\t\t\t\t\t\t\t<div class=\"elementor-text-editor elementor-clearfix\">\n\t\t\t\t<p><!-- wp:heading --><\/p>\n<h2>&#8220;Je vous propose plusieurs types de soins selon vos besoins&#8221;<\/h2>\n<h2>Chaque personne \u00e9tant diff\u00e9rente, nous convenons ensemble lors d\u2019un entretien pr\u00e9alable quel soin vous serez le plus adapt\u00e9.<\/h2>\n<h2>\u00c0 distance ou en pr\u00e9sentiel, le soin est donc accompagn\u00e9 d\u2019un coaching de ma part, pour vous permettre d\u2019aller plus loin dans le travail ensemble, mais aussi une fois que le soin est termin\u00e9.<\/h2>\n<h2>\u00a0<\/h2>\n<h3>Soin holistique R\u00e9\u00e9quilibrage<\/h3>\n<h3><strong>\u00c0 distance\u00a0 52 \u20ac<br \/><\/strong><\/h3>\n<h3>\u00a0<\/h3>\n<h3>Soin Coupure des Liens Toxiques\u00a0<br \/>Ou<br \/>Annulation des v\u0153ux et autres engagements karmiques<\/h3>\n<h3><strong>\u00c0 distance\u00a0 60 \u20ac<br \/>En pr\u00e9sentiel : 70 \u20ac<\/strong><\/h3>\n<h3>\u00a0<\/h3>\n<h3>Massage \u00c9nerg\u00e9tique Et Massage Aux Bols Tib\u00e9tains\u00a0<\/h3>\n<h3><strong>En cabinet\u00a0 60 \u20ac<\/strong><\/h3>\n<h3>\u00a0<\/h3>\n<h3><strong>Offre sp\u00e9ciale :\u00a0<\/strong><\/h3>\n<ul>\n<li>\n<h3><strong>4 soins individuels<\/strong><\/h3>\n<\/li>\n<li>\n<h3><strong>Un coaching personnalis\u00e9\u00a0<\/strong><\/h3>\n<\/li>\n<li>\n<h3><strong>Une guidance avec les cartes\u00a0<\/strong><\/h3>\n<\/li>\n<\/ul>\n<h3><strong>A distance : 180\u20ac<\/strong><\/h3>\n<h3>\u00a0<\/h3>\n<h3>\u00a0<\/h3>\n<p><!-- \/wp:list --><\/p>\n<p><!-- wp:paragraph --><\/p>\n<p><!-- \/wp:paragraph --><\/p>\t\t\t\t\t<\/div>\n\t\t\t\t\t\t<\/div>\n\t\t\t\t<\/div>\n\t\t\t\t\t\t<\/div>\n\t\t\t\t\t<\/div>\n\t\t<\/div>\n\t\t\t\t\t\t\t\t<\/div>\n\t\t\t\t\t<\/div>\n\t\t<\/section>\n\t\t\t\t\t\t<\/div>\n\t\t\t\t\t\t<\/div>\n\t\t\t\t\t<\/div>\n\t\t","protected":false},"excerpt":{"rendered":"<p>&#8220;Je vous propose plusieurs types de soins selon vos besoins&#8221; Chaque personne \u00e9tant diff\u00e9rente, nous convenons ensemble lors d\u2019un entretien pr\u00e9alable quel soin vous serez le plus adapt\u00e9. \u00c0 distance ou en pr\u00e9sentiel, le soin est donc accompagn\u00e9 d\u2019un coaching de ma part, pour vous permettre d\u2019aller plus loin dans le travail ensemble, mais aussi &hellip;<\/p>\n<p class=\"read-more\"> <a class=\"\" href=\"https:\/\/gisele-energie.fr\/index.php\/offres\/\"> <span class=\"screen-reader-text\">Offres<\/span> Read More &raquo;<\/a><\/p>\n","protected":false},"author":1,"featured_media":0,"parent":0,"menu_order":0,"comment_status":"closed","ping_status":"closed","template":"","meta":[],"_links":{"self":[{"href":"https:\/\/gisele-energie.fr\/index.php\/wp-json\/wp\/v2\/pages\/22"}],"collection":[{"href":"https:\/\/gisele-energie.fr\/index.php\/wp-json\/wp\/v2\/pages"}],"about":[{"href":"https:\/\/gisele-energie.fr\/index.php\/wp-json\/wp\/v2\/types\/page"}],"author":[{"embeddable":true,"href":"https:\/\/gisele-energie.fr\/index.php\/wp-json\/wp\/v2\/users\/1"}],"replies":[{"embeddable":true,"href":"https:\/\/gisele-energie.fr\/index.php\/wp-json\/wp\/v2\/comments?post=22"}],"version-history":[{"count":27,"href":"https:\/\/gisele-energie.fr\/index.php\/wp-json\/wp\/v2\/pages\/22\/revisions"}],"predecessor-version":[{"id":290,"href":"https:\/\/gisele-energie.fr\/index.php\/wp-json\/wp\/v2\/pages\/22\/revisions\/290"}],"wp:attachment":[{"href":"https:\/\/gisele-energie.fr\/index.php\/wp-json\/wp\/v2\/media?parent=22"}],"curies":[{"name":"wp","href":"https:\/\/api.w.org\/{rel}","templated":true}]}}